{"id":2,"date":"2010-12-07T17:23:52","date_gmt":"2010-12-07T17:23:52","guid":{"rendered":"http:\/\/www.allebrodt.net\/wp-abi86\/?page_id=2"},"modified":"2023-06-12T17:48:46","modified_gmt":"2023-06-12T15:48:46","slug":"eine-seite","status":"publish","type":"page","link":"http:\/\/abi.allebrodt.net\/index.php\/gallerie\/eine-seite\/","title":{"rendered":"20 Jahre Abi &#8211; 16.09.2006"},"content":{"rendered":"<p>Am 16. September 2006 haben wir unser 20j\u00e4hriges Abi gefeiert.<\/p>\n<p>Hier sind die Foto-Dokumente:<\/p>\n<ul class=\"ngg-breadcrumbs\">\n    <\/ul>\n<div class=\"ngg-albumoverview\">\n\n\t<!-- List of galleries -->\n\t\n\t<div class=\"ngg-album-compact\">\n\t\t<div class=\"ngg-album-compactbox\">\n\t\t\t<div class=\"ngg-album-link\">\n                                    <a class=\"Link\" href=\"http:\/\/abi.allebrodt.net\/index.php\/gallerie\/eine-seite\/bilder-von-ali\/\">\n                        <img class=\"Thumb\"\n                             alt=\"Bilder von Ali\"\n                             src=\"http:\/\/abi.allebrodt.net\/wp-content\/gallery\/2006-20jahriges-abi-bilder-von-ali\/cache\/dscn6177-medium.jpg-nggid0262-ngg0dyn-240x160x100-00f0w010c011r110f110r010t010.jpg\"\/>\n                    <\/a>\n                \t\t\t<\/div>\n\t\t<\/div>\n                <h4>\n            <a class=\"ngg-album-desc\"\n               title=\"Bilder von Ali\"\n               href=\"http:\/\/abi.allebrodt.net\/index.php\/gallerie\/eine-seite\/bilder-von-ali\/\"\n               style=\"max-width: 260px\">\n                Bilder von Ali            <\/a>\n        <\/h4>\n\t\t<p class=\"ngg-album-gallery-image-counter\">\n\t\t\t\t\t\t\t<strong>47<\/strong>&nbsp;Fotos\t\t\t\t\t<\/p>\n\t<\/div>\n\n \t\n\t<div class=\"ngg-album-compact\">\n\t\t<div class=\"ngg-album-compactbox\">\n\t\t\t<div class=\"ngg-album-link\">\n                                    <a class=\"Link\" href=\"http:\/\/abi.allebrodt.net\/index.php\/gallerie\/eine-seite\/bilder-von-katja\/\">\n                        <img class=\"Thumb\"\n                             alt=\"Bilder von Katja\"\n                             src=\"http:\/\/abi.allebrodt.net\/wp-content\/gallery\/bilder-von-katja\/cache\/2006_1001september20060129-medium.jpg-nggid03105-ngg0dyn-240x160x100-00f0w010c011r110f110r010t010.jpg\"\/>\n                    <\/a>\n                \t\t\t<\/div>\n\t\t<\/div>\n                <h4>\n            <a class=\"ngg-album-desc\"\n               title=\"Bilder von Katja\"\n               href=\"http:\/\/abi.allebrodt.net\/index.php\/gallerie\/eine-seite\/bilder-von-katja\/\"\n               style=\"max-width: 260px\">\n                Bilder von Katja            <\/a>\n        <\/h4>\n\t\t<p class=\"ngg-album-gallery-image-counter\">\n\t\t\t\t\t\t\t<strong>11<\/strong>&nbsp;Fotos\t\t\t\t\t<\/p>\n\t<\/div>\n\n \t\n\t<div class=\"ngg-album-compact\">\n\t\t<div class=\"ngg-album-compactbox\">\n\t\t\t<div class=\"ngg-album-link\">\n                                    <a class=\"Link\" href=\"http:\/\/abi.allebrodt.net\/index.php\/gallerie\/eine-seite\/bilder-von-kirsten\/\">\n                        <img class=\"Thumb\"\n                             alt=\"Bilder von Kirsten\"\n                             src=\"http:\/\/abi.allebrodt.net\/wp-content\/gallery\/bilder-von-kirsten\/cache\/dsc01840-medium.jpg-nggid03128-ngg0dyn-240x160x100-00f0w010c011r110f110r010t010.jpg\"\/>\n                    <\/a>\n                \t\t\t<\/div>\n\t\t<\/div>\n                <h4>\n            <a class=\"ngg-album-desc\"\n               title=\"Bilder von Kirsten\"\n               href=\"http:\/\/abi.allebrodt.net\/index.php\/gallerie\/eine-seite\/bilder-von-kirsten\/\"\n               style=\"max-width: 260px\">\n                Bilder von Kirsten            <\/a>\n        <\/h4>\n\t\t<p class=\"ngg-album-gallery-image-counter\">\n\t\t\t\t\t\t\t<strong>23<\/strong>&nbsp;Fotos\t\t\t\t\t<\/p>\n\t<\/div>\n\n \t\n\t<div class=\"ngg-album-compact\">\n\t\t<div class=\"ngg-album-compactbox\">\n\t\t\t<div class=\"ngg-album-link\">\n                                    <a class=\"Link\" href=\"http:\/\/abi.allebrodt.net\/index.php\/gallerie\/eine-seite\/bilder-von-ulrike\/\">\n                        <img class=\"Thumb\"\n                             alt=\"Bilder von Ulrike\"\n                             src=\"http:\/\/abi.allebrodt.net\/wp-content\/gallery\/bilder-von-ulrike\/cache\/cimg6373-medium.jpg-nggid03207-ngg0dyn-240x160x100-00f0w010c011r110f110r010t010.jpg\"\/>\n                    <\/a>\n                \t\t\t<\/div>\n\t\t<\/div>\n                <h4>\n            <a class=\"ngg-album-desc\"\n               title=\"Bilder von Ulrike\"\n               href=\"http:\/\/abi.allebrodt.net\/index.php\/gallerie\/eine-seite\/bilder-von-ulrike\/\"\n               style=\"max-width: 260px\">\n                Bilder von Ulrike            <\/a>\n        <\/h4>\n\t\t<p class=\"ngg-album-gallery-image-counter\">\n\t\t\t\t\t\t\t<strong>45<\/strong>&nbsp;Fotos\t\t\t\t\t<\/p>\n\t<\/div>\n\n \t\n\t<div class=\"ngg-album-compact\">\n\t\t<div class=\"ngg-album-compactbox\">\n\t\t\t<div class=\"ngg-album-link\">\n                                    <a class=\"Link\" href=\"http:\/\/abi.allebrodt.net\/index.php\/gallerie\/eine-seite\/bilder-von-sonja\/\">\n                        <img class=\"Thumb\"\n                             alt=\"Bilder von Sonja\"\n                             src=\"http:\/\/abi.allebrodt.net\/wp-content\/gallery\/bilder-von-sonja\/cache\/img_2133-medium.jpg-nggid03162-ngg0dyn-240x160x100-00f0w010c011r110f110r010t010.jpg\"\/>\n                    <\/a>\n                \t\t\t<\/div>\n\t\t<\/div>\n                <h4>\n            <a class=\"ngg-album-desc\"\n               title=\"Bilder von Sonja\"\n               href=\"http:\/\/abi.allebrodt.net\/index.php\/gallerie\/eine-seite\/bilder-von-sonja\/\"\n               style=\"max-width: 260px\">\n                Bilder von Sonja            <\/a>\n        <\/h4>\n\t\t<p class=\"ngg-album-gallery-image-counter\">\n\t\t\t\t\t\t\t<strong>34<\/strong>&nbsp;Fotos\t\t\t\t\t<\/p>\n\t<\/div>\n\n \t\n\t<!-- Pagination -->\n    <br class=\"ngg-clear\"\/>\n \t<div class='ngg-clear'><\/div><\/div>\n\n\n","protected":false},"excerpt":{"rendered":"<p>Am 16. September 2006 haben wir unser 20j\u00e4hriges Abi gefeiert. Hier sind die Foto-Dokumente:<\/p>\n","protected":false},"author":1,"featured_media":0,"parent":14,"menu_order":1,"comment_status":"open","ping_status":"open","template":"","meta":{"ngg_post_thumbnail":0,"jetpack_post_was_ever_published":false},"jetpack_sharing_enabled":true,"jetpack_shortlink":"https:\/\/wp.me\/P6YdrU-2","jetpack-related-posts":[{"id":207,"url":"http:\/\/abi.allebrodt.net\/index.php\/gallerie\/fette-86-25jahriges-jubilaum-am-8-oktober-2011\/","url_meta":{"origin":2,"position":0},"title":"Fet(t)e 86 &#8211; 25j\u00e4hriges Jubil\u00e4um am 8. Oktober 2011","date":"21. Oktober 2011","format":false,"excerpt":"Am 08. Oktober 2011 haben wir unser 25j\u00e4hriges Abi z\u00fcnftig mit B\u00e4umchensetzen und Joker begangen. Hier sind die Foto-Dokumente: Link zum Album von Stefan","rel":"","context":"Mit 1 Kommentar","img":{"alt_text":"","src":"","width":0,"height":0},"classes":[]},{"id":14,"url":"http:\/\/abi.allebrodt.net\/index.php\/gallerie\/","url_meta":{"origin":2,"position":1},"title":"Galerie","date":"7. Dezember 2010","format":false,"excerpt":"Bilder vom 37sten Jubil\u00e4um am 03.06.2023 (Wandern und Party) Bilder vom 30sten Jubil\u00e4um am 10.09.2016 mit Wanderung und Einkehr im Waldenburger Hafen Bilder vom 25sten Jubil\u00e4um am 08.10.2011 im \"Hotel zur Post\", Attendorn Bilder vom 20sten Jubil\u00e4um am 16.09.2006 im \"Himmelreich\", Attendorn Historische Fotodokumente","rel":"","context":"Mit 1 Kommentar","img":{"alt_text":"","src":"","width":0,"height":0},"classes":[]},{"id":78,"url":"http:\/\/abi.allebrodt.net\/index.php\/aktuelles\/vermisstenanzeigen\/","url_meta":{"origin":2,"position":2},"title":"Vermisstenanzeigen\u2026","date":"10. Dezember 2010","format":false,"excerpt":"In meinem mail-Verteiler, der mittlerweile etwas in die Jahre gekommen ist, gibt es einige Adressen, die leider nur noch Fehler zur\u00fcckmelden. Vielleicht kann jemand helfen und die aktuellen Adressen mitteilen? Einfach ne kurze Mitteilung an meine mail-Adresse... Nach meinem gestrigen \"Update\" sind ein paar falsche Adressen korrigiert worden, daf\u00fcr sind\u2026","rel":"","context":"Mit 1 Kommentar","img":{"alt_text":"","src":"","width":0,"height":0},"classes":[]},{"id":433,"url":"http:\/\/abi.allebrodt.net\/index.php\/gallerie\/30-jahre-abi-wandern-und-feiern\/","url_meta":{"origin":2,"position":3},"title":"30 Jahre Abi&#8230; Wandern und Feiern","date":"19. September 2016","format":false,"excerpt":"","rel":"","context":"\u00c4hnlicher Beitrag","img":{"alt_text":"","src":"","width":0,"height":0},"classes":[]},{"id":547,"url":"http:\/\/abi.allebrodt.net\/index.php\/gallerie\/37-jahre-abi-wandern-und-party-03-06-2023\/","url_meta":{"origin":2,"position":4},"title":"37 Jahre Abi Wandern und Party (03.06.2023)","date":"12. Juni 2023","format":false,"excerpt":"","rel":"","context":"\u00c4hnlicher Beitrag","img":{"alt_text":"","src":"","width":0,"height":0},"classes":[]},{"id":49,"url":"http:\/\/abi.allebrodt.net\/index.php\/adressaktualisierung\/","url_meta":{"origin":2,"position":5},"title":"Adressaktualisierung","date":"9. Dezember 2010","format":false,"excerpt":"","rel":"","context":"\u00c4hnlicher Beitrag","img":{"alt_text":"","src":"","width":0,"height":0},"classes":[]}],"_links":{"self":[{"href":"http:\/\/abi.allebrodt.net\/index.php\/wp-json\/wp\/v2\/pages\/2"}],"collection":[{"href":"http:\/\/abi.allebrodt.net\/index.php\/wp-json\/wp\/v2\/pages"}],"about":[{"href":"http:\/\/abi.allebrodt.net\/index.php\/wp-json\/wp\/v2\/types\/page"}],"author":[{"embeddable":true,"href":"http:\/\/abi.allebrodt.net\/index.php\/wp-json\/wp\/v2\/users\/1"}],"replies":[{"embeddable":true,"href":"http:\/\/abi.allebrodt.net\/index.php\/wp-json\/wp\/v2\/comments?post=2"}],"version-history":[{"count":9,"href":"http:\/\/abi.allebrodt.net\/index.php\/wp-json\/wp\/v2\/pages\/2\/revisions"}],"predecessor-version":[{"id":17,"href":"http:\/\/abi.allebrodt.net\/index.php\/wp-json\/wp\/v2\/pages\/2\/revisions\/17"}],"up":[{"embeddable":true,"href":"http:\/\/abi.allebrodt.net\/index.php\/wp-json\/wp\/v2\/pages\/14"}],"wp:attachment":[{"href":"http:\/\/abi.allebrodt.net\/index.php\/wp-json\/wp\/v2\/media?parent=2"}],"curies":[{"name":"wp","href":"https:\/\/api.w.org\/{rel}","templated":true}]}}