{"id":207,"date":"2011-10-21T18:29:43","date_gmt":"2011-10-21T16:29:43","guid":{"rendered":"http:\/\/abi.allebrodt.net\/?page_id=207"},"modified":"2016-09-19T16:54:30","modified_gmt":"2016-09-19T14:54:30","slug":"fette-86-25jahriges-jubilaum-am-8-oktober-2011","status":"publish","type":"page","link":"http:\/\/abi.allebrodt.net\/index.php\/gallerie\/fette-86-25jahriges-jubilaum-am-8-oktober-2011\/","title":{"rendered":"Fet(t)e 86 &#8211; 25j\u00e4hriges Jubil\u00e4um am 8. Oktober 2011"},"content":{"rendered":"<p>Am 08. Oktober 2011 haben wir unser 25j\u00e4hriges Abi z\u00fcnftig mit B\u00e4umchensetzen und Joker begangen.<\/p>\n<p>Hier sind die Foto-Dokumente:<\/p>\n<ul class=\"ngg-breadcrumbs\">\n    <\/ul>\n<div class=\"ngg-albumoverview\">\n\n\t<!-- List of galleries -->\n\t\n\t<div class=\"ngg-album-compact\">\n\t\t<div class=\"ngg-album-compactbox\">\n\t\t\t<div class=\"ngg-album-link\">\n                                    <a class=\"Link\" href=\"http:\/\/abi.allebrodt.net\/index.php\/bilder-von-ali-fette-86\/\">\n                        <img class=\"Thumb\"\n                             alt=\"Bilder von Ali - Fet(t)e 86\"\n                             src=\"http:\/\/abi.allebrodt.net\/wp-content\/gallery\/bilder-von-ali-fette-86\/cache\/100_5314.jpg-nggid03306-ngg0dyn-240x160x100-00f0w010c011r110f110r010t010.jpg\"\/>\n                    <\/a>\n                \t\t\t<\/div>\n\t\t<\/div>\n                <h4>\n            <a class=\"ngg-album-desc\"\n               title=\"Bilder von Ali - Fet(t)e 86\"\n               href=\"http:\/\/abi.allebrodt.net\/index.php\/bilder-von-ali-fette-86\/\"\n               style=\"max-width: 260px\">\n                Bilder von Ali - Fet(t)e 86            <\/a>\n        <\/h4>\n\t\t<p class=\"ngg-album-gallery-image-counter\">\n\t\t\t\t\t\t\t<strong>29<\/strong>&nbsp;Fotos\t\t\t\t\t<\/p>\n\t<\/div>\n\n \t\n\t<div class=\"ngg-album-compact\">\n\t\t<div class=\"ngg-album-compactbox\">\n\t\t\t<div class=\"ngg-album-link\">\n                                    <a class=\"Link\" href=\"http:\/\/abi.allebrodt.net\/index.php\/gallerie\/fette-86-25jahriges-jubilaum-am-8-oktober-2011\/bilder-von-dirk-fette-86\/\">\n                        <img class=\"Thumb\"\n                             alt=\"Bilder von Dirk - Fet(t)e 86\"\n                             src=\"http:\/\/abi.allebrodt.net\/wp-content\/gallery\/bilder-von-dirk-fette-86\/cache\/baeumchensetzen_03.jpg-nggid03327-ngg0dyn-240x160x100-00f0w010c011r110f110r010t010.jpg\"\/>\n                    <\/a>\n                \t\t\t<\/div>\n\t\t<\/div>\n                <h4>\n            <a class=\"ngg-album-desc\"\n               title=\"Bilder von Dirk - Fet(t)e 86\"\n               href=\"http:\/\/abi.allebrodt.net\/index.php\/gallerie\/fette-86-25jahriges-jubilaum-am-8-oktober-2011\/bilder-von-dirk-fette-86\/\"\n               style=\"max-width: 260px\">\n                Bilder von Dirk - Fet(t)e 86            <\/a>\n        <\/h4>\n\t\t<p class=\"ngg-album-gallery-image-counter\">\n\t\t\t\t\t\t\t<strong>3<\/strong>&nbsp;Fotos\t\t\t\t\t<\/p>\n\t<\/div>\n\n \t\n\t<div class=\"ngg-album-compact\">\n\t\t<div class=\"ngg-album-compactbox\">\n\t\t\t<div class=\"ngg-album-link\">\n                                    <a class=\"Link\" href=\"http:\/\/abi.allebrodt.net\/index.php\/gallerie\/fette-86-25jahriges-jubilaum-am-8-oktober-2011\/bilder-von-anja-fette-86\/\">\n                        <img class=\"Thumb\"\n                             alt=\"Bilder von Anja - Fet(t)e 86\"\n                             src=\"http:\/\/abi.allebrodt.net\/wp-content\/gallery\/bilder-von-anja-fette-86\/cache\/k-dsc_0069.jpg-nggid03382-ngg0dyn-240x160x100-00f0w010c011r110f110r010t010.jpg\"\/>\n                    <\/a>\n                \t\t\t<\/div>\n\t\t<\/div>\n                <h4>\n            <a class=\"ngg-album-desc\"\n               title=\"Bilder von Anja - Fet(t)e 86\"\n               href=\"http:\/\/abi.allebrodt.net\/index.php\/gallerie\/fette-86-25jahriges-jubilaum-am-8-oktober-2011\/bilder-von-anja-fette-86\/\"\n               style=\"max-width: 260px\">\n                Bilder von Anja - Fet(t)e 86            <\/a>\n        <\/h4>\n\t\t<p class=\"ngg-album-gallery-image-counter\">\n\t\t\t\t\t\t\t<strong>55<\/strong>&nbsp;Fotos\t\t\t\t\t<\/p>\n\t<\/div>\n\n \t\n\t<!-- Pagination -->\n    <br class=\"ngg-clear\"\/>\n \t<div class='ngg-clear'><\/div><\/div>\n\n\n<p><a title=\"Bilder von Stefan\" href=\"https:\/\/picasaweb.google.com\/115929177752119349853\/Baumchensetzen25Jahre?authuser=0&amp;authkey=Gv1sRgCMfJguWOwdvVPQ&amp;feat=directlink&amp;gsessionid=04Ff011lkQuOqS_EJtjhyw#\" target=\"_blank\">Link zum Album von Stefan<\/a><\/p>\n","protected":false},"excerpt":{"rendered":"<p>Am 08. Oktober 2011 haben wir unser 25j\u00e4hriges Abi z\u00fcnftig mit B\u00e4umchensetzen und Joker begangen. Hier sind die Foto-Dokumente: Link zum Album von Stefan<\/p>\n","protected":false},"author":1,"featured_media":0,"parent":14,"menu_order":2,"comment_status":"open","ping_status":"open","template":"","meta":{"ngg_post_thumbnail":0,"jetpack_post_was_ever_published":false},"jetpack_sharing_enabled":true,"jetpack_shortlink":"https:\/\/wp.me\/P6YdrU-3l","jetpack-related-posts":[{"id":222,"url":"http:\/\/abi.allebrodt.net\/index.php\/gallerie\/fette-86-25jahriges-jubilaum-am-8-oktober-2011\/bilder-von-dirk-fette-86\/","url_meta":{"origin":207,"position":0},"title":"Bilder von Dirk &#8211; Fet(t)e 86","date":"8. November 2011","format":false,"excerpt":"","rel":"","context":"\u00c4hnlicher Beitrag","img":{"alt_text":"","src":"","width":0,"height":0},"classes":[]},{"id":212,"url":"http:\/\/abi.allebrodt.net\/index.php\/gallerie\/fette-86-25jahriges-jubilaum-am-8-oktober-2011\/bilder-von-ali\/","url_meta":{"origin":207,"position":1},"title":"Bilder von Ali","date":"21. Oktober 2011","format":false,"excerpt":"","rel":"","context":"\u00c4hnlicher Beitrag","img":{"alt_text":"","src":"","width":0,"height":0},"classes":[]},{"id":228,"url":"http:\/\/abi.allebrodt.net\/index.php\/gallerie\/fette-86-25jahriges-jubilaum-am-8-oktober-2011\/bilder-von-anja-fette-86\/","url_meta":{"origin":207,"position":2},"title":"Bilder von Anja &#8211; Fet(t)e 86","date":"29. M\u00e4rz 2012","format":false,"excerpt":"","rel":"","context":"\u00c4hnlicher Beitrag","img":{"alt_text":"","src":"","width":0,"height":0},"classes":[]},{"id":2,"url":"http:\/\/abi.allebrodt.net\/index.php\/gallerie\/eine-seite\/","url_meta":{"origin":207,"position":3},"title":"20 Jahre Abi &#8211; 16.09.2006","date":"7. Dezember 2010","format":false,"excerpt":"Am 16. September 2006 haben wir unser 20j\u00e4hriges Abi gefeiert. Hier sind die Foto-Dokumente:","rel":"","context":"Mit 1 Kommentar","img":{"alt_text":"","src":"","width":0,"height":0},"classes":[]}],"_links":{"self":[{"href":"http:\/\/abi.allebrodt.net\/index.php\/wp-json\/wp\/v2\/pages\/207"}],"collection":[{"href":"http:\/\/abi.allebrodt.net\/index.php\/wp-json\/wp\/v2\/pages"}],"about":[{"href":"http:\/\/abi.allebrodt.net\/index.php\/wp-json\/wp\/v2\/types\/page"}],"author":[{"embeddable":true,"href":"http:\/\/abi.allebrodt.net\/index.php\/wp-json\/wp\/v2\/users\/1"}],"replies":[{"embeddable":true,"href":"http:\/\/abi.allebrodt.net\/index.php\/wp-json\/wp\/v2\/comments?post=207"}],"version-history":[{"count":6,"href":"http:\/\/abi.allebrodt.net\/index.php\/wp-json\/wp\/v2\/pages\/207\/revisions"}],"predecessor-version":[{"id":436,"href":"http:\/\/abi.allebrodt.net\/index.php\/wp-json\/wp\/v2\/pages\/207\/revisions\/436"}],"up":[{"embeddable":true,"href":"http:\/\/abi.allebrodt.net\/index.php\/wp-json\/wp\/v2\/pages\/14"}],"wp:attachment":[{"href":"http:\/\/abi.allebrodt.net\/index.php\/wp-json\/wp\/v2\/media?parent=207"}],"curies":[{"name":"wp","href":"https:\/\/api.w.org\/{rel}","templated":true}]}}